{"id":1153,"date":"2021-03-05T10:40:05","date_gmt":"2021-03-05T10:40:05","guid":{"rendered":"http:\/\/www.lobster.es.mialias.net\/legal-stuff\/"},"modified":"2022-07-21T08:30:37","modified_gmt":"2022-07-21T06:30:37","slug":"legal","status":"publish","type":"page","link":"https:\/\/www.lobster.es\/es\/legal\/","title":{"rendered":"Textos legales"},"content":{"rendered":"<p>Explica qu\u00e9 informaci\u00f3n recogemos y por qu\u00e9, c\u00f3mo la utilizamos y c\u00f3mo revisarla y actualizarla. Describe las normas que usted acepta al utilizar nuestros servicios.<\/p>\n","protected":false},"excerpt":{"rendered":"<p>Explica qu\u00e9 informaci\u00f3n recogemos y por qu\u00e9, c\u00f3mo la utilizamos y c\u00f3mo revisarla y actualizarla. Describe las normas que usted acepta al utilizar nuestros servicios.<\/p>\n","protected":false},"author":5,"featured_media":2475,"parent":0,"menu_order":0,"comment_status":"closed","ping_status":"closed","template":"template-legal-home.php","meta":{"_acf_changed":false,"footnotes":""},"class_list":["post-1153","page","type-page","status-publish","has-post-thumbnail","hentry"],"acf":[],"_links":{"self":[{"href":"https:\/\/www.lobster.es\/es\/wp-json\/wp\/v2\/pages\/1153"}],"collection":[{"href":"https:\/\/www.lobster.es\/es\/wp-json\/wp\/v2\/pages"}],"about":[{"href":"https:\/\/www.lobster.es\/es\/wp-json\/wp\/v2\/types\/page"}],"author":[{"embeddable":true,"href":"https:\/\/www.lobster.es\/es\/wp-json\/wp\/v2\/users\/5"}],"replies":[{"embeddable":true,"href":"https:\/\/www.lobster.es\/es\/wp-json\/wp\/v2\/comments?post=1153"}],"version-history":[{"count":0,"href":"https:\/\/www.lobster.es\/es\/wp-json\/wp\/v2\/pages\/1153\/revisions"}],"wp:featuredmedia":[{"embeddable":true,"href":"https:\/\/www.lobster.es\/es\/wp-json\/wp\/v2\/media\/2475"}],"wp:attachment":[{"href":"https:\/\/www.lobster.es\/es\/wp-json\/wp\/v2\/media?parent=1153"}],"curies":[{"name":"wp","href":"https:\/\/api.w.org\/{rel}","templated":true}]}}