{"id":1333,"date":"2021-09-28T15:39:34","date_gmt":"2021-09-28T13:39:34","guid":{"rendered":"http:\/\/www.lobster.es.mialias.net\/legal\/cookies\/"},"modified":"2024-07-01T17:09:36","modified_gmt":"2024-07-01T15:09:36","slug":"cookies","status":"publish","type":"page","link":"https:\/\/www.lobster.es\/es\/legal\/cookies\/","title":{"rendered":"Pol\u00edtica de cookies"},"content":{"rendered":"<p>La p\u00e1gina web <a href=\"https:\/\/www.lobster.es\/\/\">www.lobster.es<\/a> cuya titularidad es de la sociedad mercantil ZINNIA TELECOMUNICACIONES, S.L. que opera bajo la marca comercial LOBSTER,\u00a0utiliza cookies propias y de terceros cuyas finalidades se detallan en el apartado II de esta pol\u00edtica. Puedes obtener m\u00e1s informaci\u00f3n y configurar tus preferencias <button class=\"mgbutton moove-gdpr-infobar-settings-btn change-settings-button\" data-href=\"#moove_gdpr_cookie_modal\" aria-label=\"Settings\"><strong>AQU\u00cd<\/strong><\/button>.<\/p>\n<p>LOBSTER, en cumplimiento de lo previsto en el art\u00edculo 22.2 de la Ley 34\/2002, de 11 de julio, de servicios de la sociedad de la informaci\u00f3n y de comercio electr\u00f3nico (LSSICE), modificada por el Real Decreto-Ley 13\/2012, de 30 de marzo, que traspone al ordenamiento jur\u00eddico espa\u00f1ol la Directiva 2002\/58\/CE, relativa al tratamiento de los datos personales y a la protecci\u00f3n de la intimidad en el sector de las comunicaciones electr\u00f3nicas, te informa lo siguiente:<\/p>\n<p><strong>I. DEFINICI\u00d3N Y FUNCI\u00d3N DE LAS COOKIES<\/strong><br \/>\n\u00bfQu\u00e9 son las cookies? Una cookie es un fichero que se descarga en tu ordenador o terminal m\u00f3vil al acceder a nuestra p\u00e1gina web. Las cookies nos permiten, entre otras cosas, almacenar y recuperar informaci\u00f3n sobre los h\u00e1bitos de navegaci\u00f3n de un usuario o de su equipo y, dependiendo de la informaci\u00f3n que contengan y de la forma en que utilices tu equipo, pueden utilizarse para reconocer al usuario.<\/p>\n<p><strong>II. TIPO DE COOKIES QUE SE UTILIZAN Y FINALIDAD<\/strong><br \/>\nSeg\u00fan el tiempo de duraci\u00f3n las Cookies son de sesi\u00f3n o permanentes.<\/p>\n<p>&#8211; Las de sesi\u00f3n expiran cuando el usuario abandona la p\u00e1gina o cierra el navegador, es decir, est\u00e1n activas mientras dura la visita al sitio web y por tanto son borradas de nuestro ordenador al abandonarlo.<\/p>\n<p>&#8211; Las permanentes expiran cuando se cumple el objetivo para el que sirven o bien cuando se borran manualmente, tienen fecha de borrado y se utilizan normalmente en proceso de compra online, personalizaciones o en el registro, para no tener que introducir nuestra contrase\u00f1a constantemente.<\/p>\n<p>Por otro lado, seg\u00fan quien sea la entidad que gestione el equipo o dominio desde donde se env\u00edan las cookies y trate los datos que se obtengan, podemos distinguir entre Cookies propias y de terceros.<\/p>\n<p>&#8211; Las Cookies propias son aquellas Cookies que son enviadas a tu ordenador y gestionadas exclusivamente por nosotros para el mejor funcionamiento del sitio web. La informaci\u00f3n que recabamos se emplea para mejorar la calidad de nuestro servicio y tu experiencia como usuario.<\/p>\n<p>&#8211; Las Cookies de terceros son aquellas establecidas por un dominio diferente de nuestro sitio web: Google Analytics, Google Adsense, Double Clic, Webtrekk. Desde LOBSTER no podemos acceder a los datos almacenados en las cookies de terceros.<\/p>\n<p>Por \u00faltimo, dependiendo de su funcionalidad y tipolog\u00eda se pueden dividir en:<\/p>\n<p>1.- Cookies T\u00e9cnicas (Necesarias)<\/p>\n<p>Permiten al usuario la navegaci\u00f3n a trav\u00e9s de una p\u00e1gina web, plataforma o aplicaci\u00f3n y la utilizaci\u00f3n de las diferentes opciones o servicios que en ella existan como, por ejemplo, controlar el tr\u00e1fico y la comunicaci\u00f3n de datos, identificar la sesi\u00f3n, acceder a partes de acceso restringido, recordar los elementos que integran un pedido, realizar el proceso de compra de un pedido, realizar la solicitud de inscripci\u00f3n o participaci\u00f3n en un evento, utilizar elementos de seguridad durante la navegaci\u00f3n, almacenar contenidos para la difusi\u00f3n de videos o sonido o compartir contenidos a trav\u00e9s de redes sociales.<\/p>\n<p>2.- Cookies de Personalizaci\u00f3n (Preferencias)<\/p>\n<p>Permiten al usuario acceder al servicio con algunas caracter\u00edsticas de car\u00e1cter general predefinidas en funci\u00f3n de una serie de criterios en el terminal del usuario como por ejemplo serian el idioma, el tipo de navegador a trav\u00e9s del cual accede al servicio, la configuraci\u00f3n regional desde donde accede al servicio, etc.<\/p>\n<p>3.- Cookies de An\u00e1lisis (Estad\u00edsticas)<\/p>\n<p>Permiten al responsable de las mismas, el seguimiento y an\u00e1lisis del comportamiento de los usuarios de los sitios web a los que est\u00e1n vinculadas. La informaci\u00f3n recogida mediante este tipo de cookies se utiliza en la medici\u00f3n de la actividad de los sitios web, aplicaci\u00f3n o plataforma y para la elaboraci\u00f3n de perfiles de navegaci\u00f3n de los usuarios de dichos sitios, aplicaciones y plataformas, con el fin de introducir mejoras en funci\u00f3n del an\u00e1lisis de los datos de uso que hacen los usuarios del servicio.<\/p>\n<p>&nbsp;<\/p>\n<p>4.- Cookies Publicitarias (Marketing)<\/p>\n<p>Permiten la gesti\u00f3n, de la forma m\u00e1s eficaz posible, de los espacios publicitarios que, en su caso, el editor haya incluido en una p\u00e1gina web, aplicaci\u00f3n o plataforma desde la que presta el servicio solicitado en base a criterios como el contenido editado o la frecuencia en la que se muestran los anuncios.<\/p>\n<p>El titular de este sitio web puede utilizar cookies propias t\u00e9cnicas para las que no es necesaria la obtenci\u00f3n de su consentimiento por estar excluidas del \u00e1mbito de aplicaci\u00f3n del art\u00edculo 22.2 de la LSSICE.<\/p>\n<p><strong>Si aceptas las Cookies de este sitio web <\/strong><strong>se pueden instalar en tu ordenador o terminal m\u00f3vil los siguientes tipos de Cookies: <\/strong><\/p>\n<p><strong>T\u00e9cnicas (5) <\/strong><\/p>\n<p>Permiten al usuario la navegaci\u00f3n a trav\u00e9s del Sitio Web y la utilizaci\u00f3n de las diferentes opciones o servicios que existen en ella. As\u00ed, permiten al usuario:<\/p>\n<ul>\n<li>Identificar la sesi\u00f3n.<\/li>\n<li>Acceder a partes de acceso restringido.<\/li>\n<li>Recordar los elementos que integran la cesta de la compra.<\/li>\n<li>Realizar el proceso de compra.<\/li>\n<li>Realizar la solicitud de inscripci\u00f3n o participaci\u00f3n en un evento.<\/li>\n<li>Compartir contenidos a trav\u00e9s de redes sociales.<\/li>\n<\/ul>\n<table width=\"605\">\n<tbody>\n<tr>\n<td width=\"125\"><strong>Nombre<\/strong><\/td>\n<td width=\"137\"><strong>Proveedor<\/strong><\/td>\n<td width=\"220\"><strong>Prop\u00f3sito<\/strong><\/td>\n<td width=\"26\"><strong>Caducidad<\/strong><\/td>\n<td width=\"98\"><strong>Tipo<\/strong><\/td>\n<\/tr>\n<tr>\n<td width=\"125\">selfcare-access-key<\/td>\n<td width=\"137\">Propias<\/td>\n<td width=\"220\">Token de autenticaci\u00f3n espec\u00edfico al usuario.<\/td>\n<td width=\"26\">1 semana<\/td>\n<td width=\"98\">&nbsp;<\/td>\n<\/tr>\n<tr>\n<td width=\"125\">selfcare-logged-in<\/td>\n<td width=\"137\">Propias<\/td>\n<td width=\"220\">Estado espec\u00edfico del usuario, ya sea que haya iniciado sesi\u00f3n o no en care.lobster.es.<\/td>\n<td width=\"26\">1 hora<\/td>\n<td width=\"98\">&nbsp;<\/td>\n<\/tr>\n<tr>\n<td width=\"125\">selfcare-user-name<\/td>\n<td width=\"137\">Propias<\/td>\n<td width=\"220\">Estado espec\u00edfico del usuario, ya sea que haya iniciado sesi\u00f3n o no en care.lobster.es.<\/td>\n<td width=\"26\">1 hora<\/td>\n<td width=\"98\">&nbsp;<\/td>\n<\/tr>\n<tr>\n<td width=\"125\">selfcare-session<\/td>\n<td width=\"137\">Propias<\/td>\n<td width=\"220\">Identificaci\u00f3n de sesi\u00f3n.<\/p>\n<p>Si care.lobster.es recuerda sus credenciales de inicio de sesi\u00f3n<\/td>\n<td width=\"26\">&nbsp;<\/td>\n<td width=\"98\">Cookie de sesi\u00f3n<\/td>\n<\/tr>\n<tr>\n<td width=\"125\">selfcare-t-region<\/td>\n<td width=\"137\">Propias<\/td>\n<td width=\"220\">Identificaci\u00f3n de impuesto<\/td>\n<td width=\"26\">1 hora<\/td>\n<td width=\"98\">&nbsp;<\/td>\n<\/tr>\n<\/tbody>\n<\/table>\n<p>&nbsp;<\/p>\n<p><strong>An\u00e1lisis (10)<\/strong><\/p>\n<p>El Sitio Web utiliza tambi\u00e9n cookies de terceros con una finalidad anal\u00edtica y para fines estad\u00edsticos. De forma similar a las cookies y con la misma finalidad, el Sitio Web puede albergar web beacons (tambi\u00e9n conocidos como web bugs) que suelen ser peque\u00f1as im\u00e1genes de un pixel por un pixel, visibles o invisibles colocados dentro del c\u00f3digo fuente de las p\u00e1ginas web de un sitio<\/p>\n<p>El Sitio Web utiliza Google Analytics, que es un servicio anal\u00edtico de web prestado por Google, Inc., una compa\u00f1\u00eda cuya oficina principal est\u00e1 en Estados Unidos (\u201cGoogle\u201d). Google Analytics utiliza \u201ccookies\u201d para ayudar a la Web a analizar el uso que hacen los usuarios de ella. La informaci\u00f3n que genera la cookie acerca de su uso de la Web (incluyendo su direcci\u00f3n IP) ser\u00e1 directamente transmitida y archivada por Google en los servidores de Estados Unidos. Google usar\u00e1 esta informaci\u00f3n con el prop\u00f3sito de seguir la pista de su uso de la Web, recopilando informes de la actividad de la Web y prestando otros servicios relacionados con la actividad de la Web y el uso de Internet. Google podr\u00e1 transmitir dicha informaci\u00f3n a terceros cuando as\u00ed se lo requiera la legislaci\u00f3n, o cuando dichos terceros procesen la informaci\u00f3n por cuenta de Google. Si usted desea inhabilitar las cookies anal\u00edticas de Google antes citadas puede hacerlo a trav\u00e9s del \u201cComplemento de inhabilitaci\u00f3n para navegadores de Google Analytics\u201d, localizable a trav\u00e9s del enlace https:\/\/ tools.google.com\/dlpage\/gaoptout.<\/p>\n<p>&nbsp;<\/p>\n<table width=\"652\">\n<tbody>\n<tr>\n<td width=\"113\"><strong>Nombre<\/strong><\/td>\n<td width=\"95\"><strong>Proveedor<\/strong><\/td>\n<td width=\"274\"><strong>Prop\u00f3sito<\/strong><\/td>\n<td width=\"85\"><strong>Caducidad<\/strong><\/td>\n<td width=\"85\"><strong>Tipo<\/strong><\/td>\n<\/tr>\n<tr>\n<td width=\"113\"><u>\u00a0\u00a0\u00a0 <\/u>utma Cookie<\/td>\n<td width=\"95\">Google Analytics<\/td>\n<td width=\"274\">Se usa para distinguir usuarios y sesiones. La cookie se crea cuando se ejecuta la biblioteca JavaScript y no hay ninguna cookie utma. La cookie se actualiza cada vez que se env\u00edan datos a Google Analytics.<\/td>\n<td width=\"85\">&nbsp;<\/td>\n<td width=\"85\">&nbsp;<\/td>\n<\/tr>\n<tr>\n<td width=\"113\"><u>\u00a0\u00a0\u00a0 <\/u>utmb Cookie &amp; utmc Cookie<\/td>\n<td width=\"95\">Google Analytics<\/td>\n<td width=\"274\">Se usa para distinguir usuarios y sesiones. La cookie se crea cuando se ejecuta la biblioteca JavaScript y no hay ninguna cookie utma. La cookie se actualiza cada vez que se env\u00edan datos a Google Analytics.<\/td>\n<td width=\"85\">&nbsp;<\/td>\n<td width=\"85\">&nbsp;<\/td>\n<\/tr>\n<tr>\n<td width=\"113\"><u>\u00a0\u00a0\u00a0 <\/u>utmz Cookie<\/td>\n<td width=\"95\">Google Analytics<\/td>\n<td width=\"274\">Se usa para distinguir usuarios y sesiones. La cookie se crea cuando se ejecuta la biblioteca JavaScript y no hay ninguna cookie utma. La cookie se actualiza cada vez que se env\u00edan datos a Google Analytics.<\/td>\n<td width=\"85\">&nbsp;<\/td>\n<td width=\"85\">&nbsp;<\/td>\n<\/tr>\n<tr>\n<td width=\"113\"><u>\u00a0\u00a0\u00a0 <\/u>utmv Cookie<\/td>\n<td width=\"95\">Google Analytics<\/td>\n<td width=\"274\">Se usa para distinguir usuarios y sesiones. La cookie se crea cuando se ejecuta la biblioteca JavaScript y no hay ninguna cookie utma. La cookie se actualiza cada vez que se env\u00edan datos a Google Analytics.<\/td>\n<td width=\"85\">&nbsp;<\/td>\n<td width=\"85\">&nbsp;<\/td>\n<\/tr>\n<tr>\n<td width=\"113\">dtCookie<\/td>\n<td width=\"95\">Dynatrace<\/td>\n<td width=\"274\">Se usa para la correlaci\u00f3n de rendimiento de la p\u00e1gina web. Identificaci\u00f3n de la sesi\u00f3n t\u00e9cnica para la plataforma PurePath.<\/td>\n<td width=\"85\">&nbsp;<\/td>\n<td width=\"85\">Cookie de sesi\u00f3n<\/td>\n<\/tr>\n<tr>\n<td width=\"113\">dtLatC<\/td>\n<td width=\"95\">Dynatrace<\/td>\n<td width=\"274\">Se usa para la correlaci\u00f3n de rendimiento de la p\u00e1gina web. Medida de latencia y rendimiento.<\/td>\n<td width=\"85\">&nbsp;<\/td>\n<td width=\"85\">Cookie de sesi\u00f3n<\/td>\n<\/tr>\n<tr>\n<td width=\"113\">dtPC<\/td>\n<td width=\"95\">Dynatrace<\/td>\n<td width=\"274\">Se usa para la correlaci\u00f3n de rendimiento de la p\u00e1gina web. Medida de latencia y rendimiento.<\/td>\n<td width=\"85\">&nbsp;<\/td>\n<td width=\"85\">Cookie de sesi\u00f3n<\/td>\n<\/tr>\n<tr>\n<td width=\"113\">dtSa1<\/td>\n<td width=\"95\">Dynatrace<\/td>\n<td width=\"274\">Se usa para la correlaci\u00f3n de rendimiento de la p\u00e1gina web. Almacenamiento temporal para acciones que abarcan p\u00e1ginas.<\/td>\n<td width=\"85\">&nbsp;<\/td>\n<td width=\"85\">Cookie de sesi\u00f3n<\/td>\n<\/tr>\n<tr>\n<td width=\"113\">dtBw<\/td>\n<td width=\"95\">Dynatrace<\/td>\n<td width=\"274\">Se use para la correlaci\u00f3n de rendimiento de la p\u00e1gina web. Medida de ancho de banda.<\/td>\n<td width=\"85\">&nbsp;<\/td>\n<td width=\"85\">Cookie de sesi\u00f3n<\/td>\n<\/tr>\n<tr>\n<td width=\"113\">rxVisitor<\/td>\n<td width=\"95\">Dynatrace<\/td>\n<td width=\"274\">Se usa para la correlaci\u00f3n de rendimiento de la p\u00e1gina web. Identificaci\u00f3n de visitante para correlacionar sesiones.<\/td>\n<td width=\"85\">&nbsp;<\/td>\n<td width=\"85\">Cookie de sesi\u00f3n<\/td>\n<\/tr>\n<\/tbody>\n<\/table>\n<p>Algunos servicios de LOBSTER pueden utilizar conectores con diversas redes sociales como: Facebook, Twitter, Instagram, entre otras. Al utilizar el registro social, autorizas a la red social para que almacene una Cookie persistente. Esta Cookie recuerda tu identificaci\u00f3n en el servicio, haciendo mucho m\u00e1s r\u00e1pido el acceso en siguientes visitas. Esta Cookie puede ser eliminada, y, adem\u00e1s, puedes anular los permisos de acceso de los servicios de LOBSTER desde la configuraci\u00f3n de privacidad de la red social concreta.<\/p>\n<p>Si desea tener m\u00e1s informaci\u00f3n sobre para qu\u00e9 van a ser usadas estas cookies pulse aqu\u00ed: <a href=\"https:\/\/www.google.es\/intl\/es\/analytics\/\" target=\"_blank\" rel=\"noopener\">https:\/\/www.google.es\/intl\/es\/analytics\/<\/a><\/p>\n<p><strong>III. <\/strong><strong>\u00bfSON AN\u00d3NIMAS LAS COOKIES?<\/strong><\/p>\n<p>Las cookies no contienen informaci\u00f3n que permita por s\u00ed sola identificar a un usuario concreto. Respecto a nosotros, la informaci\u00f3n obtenida s\u00f3lo podr\u00e1 ser asociada a un usuario concreto en caso de que dicho usuario est\u00e9 identificado en la web. De ser as\u00ed, dichos datos ser\u00e1n incorporados en una base de datos de car\u00e1cter personal cuya responsabilidad recae sobre la titular de esta web y ser\u00e1n tratados para las finalidades indicadas en la presente pol\u00edtica de uso de cookies, cumpliendo en todo momento con las exigencias de la normativa vigente en materia de protecci\u00f3n de datos de car\u00e1cter personal. En cualquier momento y de forma gratuita, los usuarios afectados podr\u00e1n ejercer sus derechos de acceso, rectificaci\u00f3n, supresi\u00f3n o limitaci\u00f3n de sus datos personales, as\u00ed como el de oposici\u00f3n a su tratamiento, seg\u00fan se indica en la pol\u00edtica de privacidad de nuestra web. Para obtener m\u00e1s informaci\u00f3n sobre el tratamiento de tus datos puedes visitar nuestra <strong><em>\u201c<u>Pol\u00edtica de Privacidad<\/u>\u201d<\/em><\/strong><\/p>\n<p><strong> IV. CONSENTIMIENTO <\/strong><br \/>\nCuando navegas en este sitio web estar\u00e1s consintiendo el uso de las cookies antes enunciadas, por los plazos se\u00f1alados y en las condiciones contenidas en la presente Pol\u00edtica de Cookies. Ten en cuenta que, si aceptas las cookies de terceros, y m\u00e1s adelante deseas eliminarlas permanentemente, deber\u00e1s hacerlo desde las opciones del navegador m\u00e1s abajo indicadas ya que la revocaci\u00f3n impedir\u00e1 su uso, pero no las eliminar\u00e1 al ser cookies de terceros.<br \/>\n<strong> V. RECHAZO Y REVOCACI\u00d3N DEL CONSENTIMIENTO<\/strong><\/p>\n<p>Puedes rechazar el uso de cookies en este sitio web y revocar tu consentimiento haciendo clic aqu\u00ed: <button class=\"mgbutton moove-gdpr-infobar-settings-btn change-settings-button\" data-href=\"#moove_gdpr_cookie_modal\" aria-label=\"Settings\"><strong>Ajustes<\/strong><\/button><\/p>\n<p><strong> VI. ADMINISTRACI\u00d3N DE LAS COOKIES<\/strong><br \/>\nComo usuario puedes permitir, bloquear o eliminar las cookies instaladas en tu ordenador mediante la configuraci\u00f3n de las opciones del navegador instalado en tu ordenador. Para tu comodidad, a continuaci\u00f3n, encontrar\u00e1s informaci\u00f3n proporcionada por los desarrolladores de los principales navegadores sobre la gesti\u00f3n de cookies:<\/p>\n<ul>\n<li>Chrome, <a href=\"https:\/\/support.google.com\/chrome\/bin\/answer.py?hl=es&amp;answer=95647\" target=\"_blank\" rel=\"noopener\">http:\/\/support.google.com\/chrome\/bin\/answer.py?hl=es&amp;answer=95647<\/a><\/li>\n<li>Explorer, <a href=\"https:\/\/windows.microsoft.com\/es-es\/windows-vista\/block-or-allow-cookies\" target=\"_blank\" rel=\"noopener\">http:\/\/windows.microsoft.com\/es-es\/windows-vista\/block-or-allow-cookies<\/a><\/li>\n<li>Mozilla, <a href=\"https:\/\/support.mozilla.org\/es\/kb\/habilitar-y-deshabilitar-cookies-sitios-web-rastrear-preferencias\" target=\"_blank\" rel=\"noopener\">https:\/\/support.mozilla.org\/es\/kb\/habilitar-y-deshabilitar-cookies-sitios-web-rastrear-preferencias<\/a><\/li>\n<li>Safari, <a href=\"https:\/\/support.apple.com\/kb\/ph5042\" target=\"_blank\" rel=\"noopener\">http:\/\/support.apple.com\/kb\/ph5042<\/a><\/li>\n<li>Opera, <a href=\"https:\/\/help.opera.com\/Windows\/11.50\/es-ES\/cookies.html\" target=\"_blank\" rel=\"noopener\">http:\/\/help.opera.com\/Windows\/11.50\/es-ES\/cookies.html<\/a><\/li>\n<\/ul>\n<p>En caso de desactivar las cookies, es posible que no puedas hacer uso de todas las funcionalidades de la web.<\/p>\n<p><strong>VII. <\/strong><strong>DESINSTALACI\u00d3N DE LAS COOKIES<\/strong><\/p>\n<p>Todos los navegadores modernos ofrecen la facilidad para cambiar la configuraci\u00f3n de las cookies. Estos ajustes se encuentran t\u00edpicamente en las \u00abOpciones\u00bb o el men\u00fa \u00abPreferencias\u00bb del navegador elegido. A continuaci\u00f3n, encontrar\u00e1s una lista de enlaces que te proporcionar\u00e1n ayuda para cambiar la configuraci\u00f3n de las cookies:<\/p>\n<ul>\n<li>Internet Explorer:\u00a0Herramientas \u2192Opciones de Internet \u2192Privacidad \u2192Configuraci\u00f3n<\/li>\n<\/ul>\n<p><a href=\"https:\/\/support.mozilla.org\/es\/kb\/habilitar-y-deshabilitar-cookies-que-los-sitioswe\" target=\"_blank\" rel=\"noopener\">https:\/\/support.mozilla.org\/es\/kb\/habilitar-y-deshabilitar-cookies-que-los-sitioswe<\/a><\/p>\n<ul>\n<li><strong>Google Chrome<\/strong>: Configuraci\u00f3n \u2192 Mostrar opciones avanzadas \u2192 Privacidad \u2192 Configuraci\u00f3n de contenido <a href=\"https:\/\/support.google.com\/chrome\/bin\/answer.py?hl=es&amp;answer=95647\" target=\"_blank\" rel=\"noopener\">https:\/\/support.google.com\/chrome\/bin\/answer.py?hl=es&amp;answer=95647<\/a><\/li>\n<li><strong>Firefox<\/strong>: Herramientas \u2192 Opciones \u2192 Privacidad \u2192 Historial \u2192 Configuraci\u00f3n Personalizada<\/li>\n<li><strong>Safari<\/strong>: Preferencias \u2192 Seguridad. Para m\u00e1s informaci\u00f3n al respecto consulta la ayuda de tu navegador: <a href=\"https:\/\/support.apple.com\/kb\/ph5042\" target=\"_blank\" rel=\"noopener\">https:\/\/support.apple.com\/kb\/ph5042<\/a><\/li>\n<\/ul>\n<p>Lobster tambi\u00e9n usa cookies u otros dispositivos de almacenamiento en dispositivos m\u00f3viles. Los navegadores de los dispositivos m\u00f3viles tambi\u00e9n permiten realizar cambios en las opciones o ajustes de privacidad para desactivar o eliminar las cookies. Si deseas modificar las opciones de privacidad sigue las instrucciones especificadas por el desarrollador de tu navegador para dispositivos m\u00f3viles. A continuaci\u00f3n, podr\u00e1s encontrar ejemplos que te guiar\u00e1n para modificar las opciones de privacidad en tu dispositivo m\u00f3vil:<\/p>\n<ul>\n<li>IOS (https:\/\/goo.gl\/pRkla)<\/li>\n<li>Windows Phone (https:\/\/goo.gl\/Rx8QQ)<\/li>\n<li>Chrome Mobile (https:\/\/goo.gl\/XJp7N)<\/li>\n<li>Opera Mobile (https:\/\/goo.gl\/XvmTG)<\/li>\n<\/ul>\n<p><strong>VIII. ACTUALIZACIONES Y CAMBIOS EN LA POL\u00cdTICA DE COOKIES<\/strong><\/p>\n<p>Lobster podr\u00e1 modificar esta Pol\u00edtica de Cookies en funci\u00f3n de exigencias legislativas, por ello se aconseja a los usuarios que visiten a de manera peri\u00f3dica la presente pol\u00edtica.<\/p>\n","protected":false},"excerpt":{"rendered":"<p>La p\u00e1gina web www.lobster.es cuya titularidad es de la sociedad mercantil ZINNIA TELECOMUNICACIONES, S.L. que opera bajo la marca comercial LOBSTER,\u00a0utiliza cookies propias y de terceros cuyas finalidades se detallan en el apartado II de esta pol\u00edtica. Puedes obtener m\u00e1s informaci\u00f3n y configurar tus preferencias AQU\u00cd. LOBSTER, en cumplimiento de lo previsto en el art\u00edculo &hellip; <a href=\"https:\/\/www.lobster.es\/es\/legal\/cookies\/\">Continued<\/a><\/p>\n","protected":false},"author":2,"featured_media":0,"parent":1153,"menu_order":80,"comment_status":"closed","ping_status":"closed","template":"template-legal.blade.php","meta":{"_acf_changed":false,"footnotes":""},"class_list":["post-1333","page","type-page","status-publish","hentry"],"acf":[],"_links":{"self":[{"href":"https:\/\/www.lobster.es\/es\/wp-json\/wp\/v2\/pages\/1333"}],"collection":[{"href":"https:\/\/www.lobster.es\/es\/wp-json\/wp\/v2\/pages"}],"about":[{"href":"https:\/\/www.lobster.es\/es\/wp-json\/wp\/v2\/types\/page"}],"author":[{"embeddable":true,"href":"https:\/\/www.lobster.es\/es\/wp-json\/wp\/v2\/users\/2"}],"replies":[{"embeddable":true,"href":"https:\/\/www.lobster.es\/es\/wp-json\/wp\/v2\/comments?post=1333"}],"version-history":[{"count":0,"href":"https:\/\/www.lobster.es\/es\/wp-json\/wp\/v2\/pages\/1333\/revisions"}],"up":[{"embeddable":true,"href":"https:\/\/www.lobster.es\/es\/wp-json\/wp\/v2\/pages\/1153"}],"wp:attachment":[{"href":"https:\/\/www.lobster.es\/es\/wp-json\/wp\/v2\/media?parent=1333"}],"curies":[{"name":"wp","href":"https:\/\/api.w.org\/{rel}","templated":true}]}}